{"id":3035,"date":"2020-07-08T17:30:33","date_gmt":"2020-07-08T15:30:33","guid":{"rendered":"https:\/\/wp.qlic\/?page_id=3035"},"modified":"2021-03-01T17:34:33","modified_gmt":"2021-03-01T16:34:33","slug":"gebrauchthandel-und-vermietung","status":"publish","type":"page","link":"https:\/\/www.pacton.nl\/de\/gebrauchthandel-und-vermietung\/","title":{"rendered":"Gebrauchthandel und Vermietung"},"content":{"rendered":"\n<h3 class=\"wp-block-heading\">Dutch Trailer Center<\/h3>\n\n\n\n<p>Wir streben nach Professionalit\u00e4t und Perfektion, das gilt auch f\u00fcr den Handel mit gebrauchten Fahrzeugen und die Vermietung. Aus diesem Grunde haben wir in 2015 einen separaten Betrieb, Dutch Trailer Center, eingerichtet. Dieser besch\u00e4ftigt sich ausschlie\u00dflich mit dem Handel und der Vermietung von Aufliegern und Anh\u00e4ngern.<\/p>\n\n\n\n<p><strong>DTC, Ihr Partner in Trailern<\/strong>&nbsp;\u2026<\/p>\n\n\n\n<div class=\"wp-block-group\"><div class=\"wp-block-group__inner-container is-layout-flow wp-block-group-is-layout-flow\">\n<p>Spezialisiert in Vermietung, Einkauf und Verkauf von Aufliegern und Anh\u00e4ngern. \nAuf der Website von Dutch Trailer Center erwartet Sie unser aktuelles Angebot von Aufliegern und Anh\u00e4ngern.<\/p>\n<\/div><\/div>\n\n\n\n<div class=\"wp-block-buttons is-layout-flex wp-block-buttons-is-layout-flex\">\n<div class=\"wp-block-button\"><a class=\"btn red\" href=\"https:\/\/dutchtrailercenter.nl\/\" target=\"_blank\" rel=\"noreferrer noopener\">Website DTC<\/a><\/div>\n<\/div>\n","protected":false},"excerpt":{"rendered":"<p>Dutch Trailer Center Wir streben nach Professionalit\u00e4t und Perfektion, das gilt auch f\u00fcr den Handel mit gebrauchten Fahrzeugen und die Vermietung. Aus diesem Grunde haben wir in 2015 einen separaten Betrieb, Dutch Trailer Center, eingerichtet. Dieser besch\u00e4ftigt sich ausschlie\u00dflich mit dem Handel und der Vermietung von Aufliegern und Anh\u00e4ngern. DTC, Ihr Partner in Trailern&nbsp;\u2026 Spezialisiert [&hellip;]<\/p>\n","protected":false},"author":1,"featured_media":14773,"parent":0,"menu_order":0,"comment_status":"closed","ping_status":"closed","template":"","meta":{"_acf_changed":false,"footnotes":""},"class_list":["post-3035","page","type-page","status-publish","has-post-thumbnail","hentry"],"acf":[],"yoast_head":"<!-- This site is optimized with the Yoast SEO plugin v27.3 - https:\/\/yoast.com\/product\/yoast-seo-wordpress\/ -->\n<title>Gebrauchthandel und Vermietung | Pacton Trailers B.V.<\/title>\n<meta name=\"description\" content=\"Interesse an Vermietung oder gebrauchthandel? Kontakt DTC, Sie sind spezialisiert in Vermietung, Einkauf und Verkauf von Aufliegern und Anh\u00e4ngern.\" \/>\n<meta name=\"robots\" content=\"index, follow, max-snippet:-1, max-image-preview:large, max-video-preview:-1\" \/>\n<link rel=\"canonical\" href=\"https:\/\/www.pacton.nl\/de\/gebrauchthandel-und-vermietung\/\" \/>\n<meta property=\"og:locale\" content=\"de_DE\" \/>\n<meta property=\"og:type\" content=\"article\" \/>\n<meta property=\"og:title\" content=\"Gebrauchthandel und Vermietung | Pacton Trailers B.V.\" \/>\n<meta property=\"og:description\" content=\"Interesse an Vermietung oder gebrauchthandel? Kontakt DTC, Sie sind spezialisiert in Vermietung, Einkauf und Verkauf von Aufliegern und Anh\u00e4ngern.\" \/>\n<meta property=\"og:url\" content=\"https:\/\/www.pacton.nl\/de\/gebrauchthandel-und-vermietung\/\" \/>\n<meta property=\"og:site_name\" content=\"Pacton Trailers B.V.\" \/>\n<meta property=\"article:modified_time\" content=\"2021-03-01T16:34:33+00:00\" \/>\n<meta property=\"og:image\" content=\"https:\/\/www.pacton.nl\/wp-content\/uploads\/2020\/12\/IMG_2109-1024x683.jpg\" \/>\n\t<meta property=\"og:image:width\" content=\"1024\" \/>\n\t<meta property=\"og:image:height\" content=\"683\" \/>\n\t<meta property=\"og:image:type\" content=\"image\/jpeg\" \/>\n<meta name=\"twitter:card\" content=\"summary_large_image\" \/>\n<meta name=\"twitter:label1\" content=\"Gesch\u00e4tzte Lesezeit\" \/>\n\t<meta name=\"twitter:data1\" content=\"1\u00a0Minute\" \/>\n<script type=\"application\/ld+json\" class=\"yoast-schema-graph\">{\"@context\":\"https:\\\/\\\/schema.org\",\"@graph\":[{\"@type\":\"WebPage\",\"@id\":\"https:\\\/\\\/www.pacton.nl\\\/de\\\/gebrauchthandel-und-vermietung\\\/\",\"url\":\"https:\\\/\\\/www.pacton.nl\\\/de\\\/gebrauchthandel-und-vermietung\\\/\",\"name\":\"Gebrauchthandel und Vermietung | Pacton Trailers B.V.\",\"isPartOf\":{\"@id\":\"https:\\\/\\\/www.pacton.nl\\\/de\\\/#website\"},\"primaryImageOfPage\":{\"@id\":\"https:\\\/\\\/www.pacton.nl\\\/de\\\/gebrauchthandel-und-vermietung\\\/#primaryimage\"},\"image\":{\"@id\":\"https:\\\/\\\/www.pacton.nl\\\/de\\\/gebrauchthandel-und-vermietung\\\/#primaryimage\"},\"thumbnailUrl\":\"https:\\\/\\\/www.pacton.nl\\\/wp-content\\\/uploads\\\/2020\\\/12\\\/IMG_2109.jpg\",\"datePublished\":\"2020-07-08T15:30:33+00:00\",\"dateModified\":\"2021-03-01T16:34:33+00:00\",\"description\":\"Interesse an Vermietung oder gebrauchthandel? Kontakt DTC, Sie sind spezialisiert in Vermietung, Einkauf und Verkauf von Aufliegern und Anh\u00e4ngern.\",\"breadcrumb\":{\"@id\":\"https:\\\/\\\/www.pacton.nl\\\/de\\\/gebrauchthandel-und-vermietung\\\/#breadcrumb\"},\"inLanguage\":\"de\",\"potentialAction\":[{\"@type\":\"ReadAction\",\"target\":[\"https:\\\/\\\/www.pacton.nl\\\/de\\\/gebrauchthandel-und-vermietung\\\/\"]}]},{\"@type\":\"ImageObject\",\"inLanguage\":\"de\",\"@id\":\"https:\\\/\\\/www.pacton.nl\\\/de\\\/gebrauchthandel-und-vermietung\\\/#primaryimage\",\"url\":\"https:\\\/\\\/www.pacton.nl\\\/wp-content\\\/uploads\\\/2020\\\/12\\\/IMG_2109.jpg\",\"contentUrl\":\"https:\\\/\\\/www.pacton.nl\\\/wp-content\\\/uploads\\\/2020\\\/12\\\/IMG_2109.jpg\",\"width\":4272,\"height\":2848},{\"@type\":\"BreadcrumbList\",\"@id\":\"https:\\\/\\\/www.pacton.nl\\\/de\\\/gebrauchthandel-und-vermietung\\\/#breadcrumb\",\"itemListElement\":[{\"@type\":\"ListItem\",\"position\":1,\"name\":\"\",\"item\":\"https:\\\/\\\/www.pacton.nl\\\/de\\\/\"},{\"@type\":\"ListItem\",\"position\":2,\"name\":\"Gebrauchthandel und Vermietung\"}]},{\"@type\":\"WebSite\",\"@id\":\"https:\\\/\\\/www.pacton.nl\\\/de\\\/#website\",\"url\":\"https:\\\/\\\/www.pacton.nl\\\/de\\\/\",\"name\":\"Pacton Trailers B.V.\",\"description\":\"Pacton is een nederlandse trailerbouwer en omvat ook de merken Kennis en Floor\",\"publisher\":{\"@id\":\"https:\\\/\\\/www.pacton.nl\\\/de\\\/#organization\"},\"potentialAction\":[{\"@type\":\"SearchAction\",\"target\":{\"@type\":\"EntryPoint\",\"urlTemplate\":\"https:\\\/\\\/www.pacton.nl\\\/de\\\/?s={search_term_string}\"},\"query-input\":{\"@type\":\"PropertyValueSpecification\",\"valueRequired\":true,\"valueName\":\"search_term_string\"}}],\"inLanguage\":\"de\"},{\"@type\":\"Organization\",\"@id\":\"https:\\\/\\\/www.pacton.nl\\\/de\\\/#organization\",\"name\":\"Pacton\",\"url\":\"https:\\\/\\\/www.pacton.nl\\\/de\\\/\",\"logo\":{\"@type\":\"ImageObject\",\"inLanguage\":\"de\",\"@id\":\"https:\\\/\\\/www.pacton.nl\\\/de\\\/#\\\/schema\\\/logo\\\/image\\\/\",\"url\":\"https:\\\/\\\/www.pacton.nl\\\/wp-content\\\/uploads\\\/2020\\\/06\\\/pacton.png\",\"contentUrl\":\"https:\\\/\\\/www.pacton.nl\\\/wp-content\\\/uploads\\\/2020\\\/06\\\/pacton.png\",\"width\":152,\"height\":113,\"caption\":\"Pacton\"},\"image\":{\"@id\":\"https:\\\/\\\/www.pacton.nl\\\/de\\\/#\\\/schema\\\/logo\\\/image\\\/\"}}]}<\/script>\n<!-- \/ Yoast SEO plugin. -->","yoast_head_json":{"title":"Gebrauchthandel und Vermietung | Pacton Trailers B.V.","description":"Interesse an Vermietung oder gebrauchthandel? Kontakt DTC, Sie sind spezialisiert in Vermietung, Einkauf und Verkauf von Aufliegern und Anh\u00e4ngern.","robots":{"index":"index","follow":"follow","max-snippet":"max-snippet:-1","max-image-preview":"max-image-preview:large","max-video-preview":"max-video-preview:-1"},"canonical":"https:\/\/www.pacton.nl\/de\/gebrauchthandel-und-vermietung\/","og_locale":"de_DE","og_type":"article","og_title":"Gebrauchthandel und Vermietung | Pacton Trailers B.V.","og_description":"Interesse an Vermietung oder gebrauchthandel? Kontakt DTC, Sie sind spezialisiert in Vermietung, Einkauf und Verkauf von Aufliegern und Anh\u00e4ngern.","og_url":"https:\/\/www.pacton.nl\/de\/gebrauchthandel-und-vermietung\/","og_site_name":"Pacton Trailers B.V.","article_modified_time":"2021-03-01T16:34:33+00:00","og_image":[{"width":1024,"height":683,"url":"https:\/\/www.pacton.nl\/wp-content\/uploads\/2020\/12\/IMG_2109-1024x683.jpg","type":"image\/jpeg"}],"twitter_card":"summary_large_image","twitter_misc":{"Gesch\u00e4tzte Lesezeit":"1\u00a0Minute"},"schema":{"@context":"https:\/\/schema.org","@graph":[{"@type":"WebPage","@id":"https:\/\/www.pacton.nl\/de\/gebrauchthandel-und-vermietung\/","url":"https:\/\/www.pacton.nl\/de\/gebrauchthandel-und-vermietung\/","name":"Gebrauchthandel und Vermietung | Pacton Trailers B.V.","isPartOf":{"@id":"https:\/\/www.pacton.nl\/de\/#website"},"primaryImageOfPage":{"@id":"https:\/\/www.pacton.nl\/de\/gebrauchthandel-und-vermietung\/#primaryimage"},"image":{"@id":"https:\/\/www.pacton.nl\/de\/gebrauchthandel-und-vermietung\/#primaryimage"},"thumbnailUrl":"https:\/\/www.pacton.nl\/wp-content\/uploads\/2020\/12\/IMG_2109.jpg","datePublished":"2020-07-08T15:30:33+00:00","dateModified":"2021-03-01T16:34:33+00:00","description":"Interesse an Vermietung oder gebrauchthandel? Kontakt DTC, Sie sind spezialisiert in Vermietung, Einkauf und Verkauf von Aufliegern und Anh\u00e4ngern.","breadcrumb":{"@id":"https:\/\/www.pacton.nl\/de\/gebrauchthandel-und-vermietung\/#breadcrumb"},"inLanguage":"de","potentialAction":[{"@type":"ReadAction","target":["https:\/\/www.pacton.nl\/de\/gebrauchthandel-und-vermietung\/"]}]},{"@type":"ImageObject","inLanguage":"de","@id":"https:\/\/www.pacton.nl\/de\/gebrauchthandel-und-vermietung\/#primaryimage","url":"https:\/\/www.pacton.nl\/wp-content\/uploads\/2020\/12\/IMG_2109.jpg","contentUrl":"https:\/\/www.pacton.nl\/wp-content\/uploads\/2020\/12\/IMG_2109.jpg","width":4272,"height":2848},{"@type":"BreadcrumbList","@id":"https:\/\/www.pacton.nl\/de\/gebrauchthandel-und-vermietung\/#breadcrumb","itemListElement":[{"@type":"ListItem","position":1,"name":"","item":"https:\/\/www.pacton.nl\/de\/"},{"@type":"ListItem","position":2,"name":"Gebrauchthandel und Vermietung"}]},{"@type":"WebSite","@id":"https:\/\/www.pacton.nl\/de\/#website","url":"https:\/\/www.pacton.nl\/de\/","name":"Pacton Trailers B.V.","description":"Pacton is een nederlandse trailerbouwer en omvat ook de merken Kennis en Floor","publisher":{"@id":"https:\/\/www.pacton.nl\/de\/#organization"},"potentialAction":[{"@type":"SearchAction","target":{"@type":"EntryPoint","urlTemplate":"https:\/\/www.pacton.nl\/de\/?s={search_term_string}"},"query-input":{"@type":"PropertyValueSpecification","valueRequired":true,"valueName":"search_term_string"}}],"inLanguage":"de"},{"@type":"Organization","@id":"https:\/\/www.pacton.nl\/de\/#organization","name":"Pacton","url":"https:\/\/www.pacton.nl\/de\/","logo":{"@type":"ImageObject","inLanguage":"de","@id":"https:\/\/www.pacton.nl\/de\/#\/schema\/logo\/image\/","url":"https:\/\/www.pacton.nl\/wp-content\/uploads\/2020\/06\/pacton.png","contentUrl":"https:\/\/www.pacton.nl\/wp-content\/uploads\/2020\/06\/pacton.png","width":152,"height":113,"caption":"Pacton"},"image":{"@id":"https:\/\/www.pacton.nl\/de\/#\/schema\/logo\/image\/"}}]}},"_links":{"self":[{"href":"https:\/\/www.pacton.nl\/de\/wp-json\/wp\/v2\/pages\/3035","targetHints":{"allow":["GET"]}}],"collection":[{"href":"https:\/\/www.pacton.nl\/de\/wp-json\/wp\/v2\/pages"}],"about":[{"href":"https:\/\/www.pacton.nl\/de\/wp-json\/wp\/v2\/types\/page"}],"author":[{"embeddable":true,"href":"https:\/\/www.pacton.nl\/de\/wp-json\/wp\/v2\/users\/1"}],"replies":[{"embeddable":true,"href":"https:\/\/www.pacton.nl\/de\/wp-json\/wp\/v2\/comments?post=3035"}],"version-history":[{"count":18,"href":"https:\/\/www.pacton.nl\/de\/wp-json\/wp\/v2\/pages\/3035\/revisions"}],"predecessor-version":[{"id":16118,"href":"https:\/\/www.pacton.nl\/de\/wp-json\/wp\/v2\/pages\/3035\/revisions\/16118"}],"wp:featuredmedia":[{"embeddable":true,"href":"https:\/\/www.pacton.nl\/de\/wp-json\/wp\/v2\/media\/14773"}],"wp:attachment":[{"href":"https:\/\/www.pacton.nl\/de\/wp-json\/wp\/v2\/media?parent=3035"}],"curies":[{"name":"wp","href":"https:\/\/api.w.org\/{rel}","templated":true}]}}