{"id":11734,"date":"2020-09-16T11:50:35","date_gmt":"2020-09-16T09:50:35","guid":{"rendered":"https:\/\/pactonstaging.qlic.nl\/?post_type=product&#038;p=11734"},"modified":"2021-03-03T09:48:30","modified_gmt":"2021-03-03T08:48:30","slug":"standard-txd-tbd","status":"publish","type":"product","link":"https:\/\/www.pacton.nl\/de\/produkte\/offener-auflieger\/standard-txd-tbd\/","title":{"rendered":"STANDARD TXD \/ TBD"},"content":{"rendered":"\n<p>Offene Auflieger&nbsp;\u2013 auch als Plateau-Auflieger&nbsp;bezeichnet \u2013 sind multifunktional und grundsolide. Sie sind f\u00fcr Frachten ganz unterschiedlicher Art einsetzbar. Ideal sind sie vor allem, wenn wegen der Ma\u00dfe der Ladung beispielsweise eine Plane oder eine Wand im Weg w\u00e4re. Dieser Auflieger wird h\u00e4ufig f\u00fcr den Transport von Werkzeugen oder Maschinen verwendet. Aber auch zum Bef\u00f6rdern von Steinen, Rohren, Holz und anderen Baumaterialien.<\/p>\n","protected":false},"featured_media":14477,"parent":0,"menu_order":25,"template":"","class_list":["post-11734","product","type-product","status-publish","has-post-thumbnail","hentry","product_cat-offener-auflieger"],"acf":[],"yoast_head":"<!-- This site is optimized with the Yoast SEO plugin v27.3 - https:\/\/yoast.com\/product\/yoast-seo-wordpress\/ -->\n<title>STANDARD TXD \/ TBD | Pacton Trailers B.V.<\/title>\n<meta name=\"robots\" content=\"index, follow, max-snippet:-1, max-image-preview:large, max-video-preview:-1\" \/>\n<link rel=\"canonical\" href=\"https:\/\/www.pacton.nl\/de\/produkte\/offener-auflieger\/standard-txd-tbd\/\" \/>\n<meta property=\"og:locale\" content=\"de_DE\" \/>\n<meta property=\"og:type\" content=\"article\" \/>\n<meta property=\"og:title\" content=\"STANDARD TXD \/ TBD | Pacton Trailers B.V.\" \/>\n<meta property=\"og:description\" content=\"Offene Auflieger&nbsp;\u2013 auch als Plateau-Auflieger&nbsp;bezeichnet \u2013 sind multifunktional und grundsolide. Sie sind f\u00fcr Frachten ganz unterschiedlicher Art einsetzbar. Ideal sind sie vor allem, wenn wegen der Ma\u00dfe der Ladung beispielsweise eine Plane oder eine Wand im Weg w\u00e4re. Dieser Auflieger wird h\u00e4ufig f\u00fcr den Transport von Werkzeugen oder Maschinen verwendet. Aber auch zum Bef\u00f6rdern von [&hellip;]\" \/>\n<meta property=\"og:url\" content=\"https:\/\/www.pacton.nl\/de\/produkte\/offener-auflieger\/standard-txd-tbd\/\" \/>\n<meta property=\"og:site_name\" content=\"Pacton Trailers B.V.\" \/>\n<meta property=\"article:modified_time\" content=\"2021-03-03T08:48:30+00:00\" \/>\n<meta property=\"og:image\" content=\"https:\/\/www.pacton.nl\/wp-content\/uploads\/2020\/08\/20181109_153028-1024x576.jpg\" \/>\n\t<meta property=\"og:image:width\" content=\"1024\" \/>\n\t<meta property=\"og:image:height\" content=\"576\" \/>\n\t<meta property=\"og:image:type\" content=\"image\/jpeg\" \/>\n<meta name=\"twitter:card\" content=\"summary_large_image\" \/>\n<meta name=\"twitter:label1\" content=\"Gesch\u00e4tzte Lesezeit\" \/>\n\t<meta name=\"twitter:data1\" content=\"1\u00a0Minute\" \/>\n<script type=\"application\/ld+json\" class=\"yoast-schema-graph\">{\"@context\":\"https:\\\/\\\/schema.org\",\"@graph\":[{\"@type\":\"WebPage\",\"@id\":\"https:\\\/\\\/www.pacton.nl\\\/de\\\/produkte\\\/offener-auflieger\\\/standard-txd-tbd\\\/\",\"url\":\"https:\\\/\\\/www.pacton.nl\\\/de\\\/produkte\\\/offener-auflieger\\\/standard-txd-tbd\\\/\",\"name\":\"STANDARD TXD \\\/ TBD | Pacton Trailers B.V.\",\"isPartOf\":{\"@id\":\"https:\\\/\\\/www.pacton.nl\\\/de\\\/#website\"},\"primaryImageOfPage\":{\"@id\":\"https:\\\/\\\/www.pacton.nl\\\/de\\\/produkte\\\/offener-auflieger\\\/standard-txd-tbd\\\/#primaryimage\"},\"image\":{\"@id\":\"https:\\\/\\\/www.pacton.nl\\\/de\\\/produkte\\\/offener-auflieger\\\/standard-txd-tbd\\\/#primaryimage\"},\"thumbnailUrl\":\"https:\\\/\\\/www.pacton.nl\\\/wp-content\\\/uploads\\\/2020\\\/08\\\/20181109_153028.jpg\",\"datePublished\":\"2020-09-16T09:50:35+00:00\",\"dateModified\":\"2021-03-03T08:48:30+00:00\",\"breadcrumb\":{\"@id\":\"https:\\\/\\\/www.pacton.nl\\\/de\\\/produkte\\\/offener-auflieger\\\/standard-txd-tbd\\\/#breadcrumb\"},\"inLanguage\":\"de\",\"potentialAction\":[{\"@type\":\"ReadAction\",\"target\":[\"https:\\\/\\\/www.pacton.nl\\\/de\\\/produkte\\\/offener-auflieger\\\/standard-txd-tbd\\\/\"]}]},{\"@type\":\"ImageObject\",\"inLanguage\":\"de\",\"@id\":\"https:\\\/\\\/www.pacton.nl\\\/de\\\/produkte\\\/offener-auflieger\\\/standard-txd-tbd\\\/#primaryimage\",\"url\":\"https:\\\/\\\/www.pacton.nl\\\/wp-content\\\/uploads\\\/2020\\\/08\\\/20181109_153028.jpg\",\"contentUrl\":\"https:\\\/\\\/www.pacton.nl\\\/wp-content\\\/uploads\\\/2020\\\/08\\\/20181109_153028.jpg\",\"width\":4032,\"height\":2268},{\"@type\":\"BreadcrumbList\",\"@id\":\"https:\\\/\\\/www.pacton.nl\\\/de\\\/produkte\\\/offener-auflieger\\\/standard-txd-tbd\\\/#breadcrumb\",\"itemListElement\":[{\"@type\":\"ListItem\",\"position\":1,\"name\":\"\",\"item\":\"https:\\\/\\\/www.pacton.nl\\\/de\\\/\"},{\"@type\":\"ListItem\",\"position\":2,\"name\":\"STANDARD TXD \\\/ TBD\"}]},{\"@type\":\"WebSite\",\"@id\":\"https:\\\/\\\/www.pacton.nl\\\/de\\\/#website\",\"url\":\"https:\\\/\\\/www.pacton.nl\\\/de\\\/\",\"name\":\"Pacton Trailers B.V.\",\"description\":\"Pacton is een nederlandse trailerbouwer en omvat ook de merken Kennis en Floor\",\"publisher\":{\"@id\":\"https:\\\/\\\/www.pacton.nl\\\/de\\\/#organization\"},\"potentialAction\":[{\"@type\":\"SearchAction\",\"target\":{\"@type\":\"EntryPoint\",\"urlTemplate\":\"https:\\\/\\\/www.pacton.nl\\\/de\\\/?s={search_term_string}\"},\"query-input\":{\"@type\":\"PropertyValueSpecification\",\"valueRequired\":true,\"valueName\":\"search_term_string\"}}],\"inLanguage\":\"de\"},{\"@type\":\"Organization\",\"@id\":\"https:\\\/\\\/www.pacton.nl\\\/de\\\/#organization\",\"name\":\"Pacton\",\"url\":\"https:\\\/\\\/www.pacton.nl\\\/de\\\/\",\"logo\":{\"@type\":\"ImageObject\",\"inLanguage\":\"de\",\"@id\":\"https:\\\/\\\/www.pacton.nl\\\/de\\\/#\\\/schema\\\/logo\\\/image\\\/\",\"url\":\"https:\\\/\\\/www.pacton.nl\\\/wp-content\\\/uploads\\\/2020\\\/06\\\/pacton.png\",\"contentUrl\":\"https:\\\/\\\/www.pacton.nl\\\/wp-content\\\/uploads\\\/2020\\\/06\\\/pacton.png\",\"width\":152,\"height\":113,\"caption\":\"Pacton\"},\"image\":{\"@id\":\"https:\\\/\\\/www.pacton.nl\\\/de\\\/#\\\/schema\\\/logo\\\/image\\\/\"}}]}<\/script>\n<!-- \/ Yoast SEO plugin. -->","yoast_head_json":{"title":"STANDARD TXD \/ TBD | Pacton Trailers B.V.","robots":{"index":"index","follow":"follow","max-snippet":"max-snippet:-1","max-image-preview":"max-image-preview:large","max-video-preview":"max-video-preview:-1"},"canonical":"https:\/\/www.pacton.nl\/de\/produkte\/offener-auflieger\/standard-txd-tbd\/","og_locale":"de_DE","og_type":"article","og_title":"STANDARD TXD \/ TBD | Pacton Trailers B.V.","og_description":"Offene Auflieger&nbsp;\u2013 auch als Plateau-Auflieger&nbsp;bezeichnet \u2013 sind multifunktional und grundsolide. Sie sind f\u00fcr Frachten ganz unterschiedlicher Art einsetzbar. Ideal sind sie vor allem, wenn wegen der Ma\u00dfe der Ladung beispielsweise eine Plane oder eine Wand im Weg w\u00e4re. Dieser Auflieger wird h\u00e4ufig f\u00fcr den Transport von Werkzeugen oder Maschinen verwendet. Aber auch zum Bef\u00f6rdern von [&hellip;]","og_url":"https:\/\/www.pacton.nl\/de\/produkte\/offener-auflieger\/standard-txd-tbd\/","og_site_name":"Pacton Trailers B.V.","article_modified_time":"2021-03-03T08:48:30+00:00","og_image":[{"width":1024,"height":576,"url":"https:\/\/www.pacton.nl\/wp-content\/uploads\/2020\/08\/20181109_153028-1024x576.jpg","type":"image\/jpeg"}],"twitter_card":"summary_large_image","twitter_misc":{"Gesch\u00e4tzte Lesezeit":"1\u00a0Minute"},"schema":{"@context":"https:\/\/schema.org","@graph":[{"@type":"WebPage","@id":"https:\/\/www.pacton.nl\/de\/produkte\/offener-auflieger\/standard-txd-tbd\/","url":"https:\/\/www.pacton.nl\/de\/produkte\/offener-auflieger\/standard-txd-tbd\/","name":"STANDARD TXD \/ TBD | Pacton Trailers B.V.","isPartOf":{"@id":"https:\/\/www.pacton.nl\/de\/#website"},"primaryImageOfPage":{"@id":"https:\/\/www.pacton.nl\/de\/produkte\/offener-auflieger\/standard-txd-tbd\/#primaryimage"},"image":{"@id":"https:\/\/www.pacton.nl\/de\/produkte\/offener-auflieger\/standard-txd-tbd\/#primaryimage"},"thumbnailUrl":"https:\/\/www.pacton.nl\/wp-content\/uploads\/2020\/08\/20181109_153028.jpg","datePublished":"2020-09-16T09:50:35+00:00","dateModified":"2021-03-03T08:48:30+00:00","breadcrumb":{"@id":"https:\/\/www.pacton.nl\/de\/produkte\/offener-auflieger\/standard-txd-tbd\/#breadcrumb"},"inLanguage":"de","potentialAction":[{"@type":"ReadAction","target":["https:\/\/www.pacton.nl\/de\/produkte\/offener-auflieger\/standard-txd-tbd\/"]}]},{"@type":"ImageObject","inLanguage":"de","@id":"https:\/\/www.pacton.nl\/de\/produkte\/offener-auflieger\/standard-txd-tbd\/#primaryimage","url":"https:\/\/www.pacton.nl\/wp-content\/uploads\/2020\/08\/20181109_153028.jpg","contentUrl":"https:\/\/www.pacton.nl\/wp-content\/uploads\/2020\/08\/20181109_153028.jpg","width":4032,"height":2268},{"@type":"BreadcrumbList","@id":"https:\/\/www.pacton.nl\/de\/produkte\/offener-auflieger\/standard-txd-tbd\/#breadcrumb","itemListElement":[{"@type":"ListItem","position":1,"name":"","item":"https:\/\/www.pacton.nl\/de\/"},{"@type":"ListItem","position":2,"name":"STANDARD TXD \/ TBD"}]},{"@type":"WebSite","@id":"https:\/\/www.pacton.nl\/de\/#website","url":"https:\/\/www.pacton.nl\/de\/","name":"Pacton Trailers B.V.","description":"Pacton is een nederlandse trailerbouwer en omvat ook de merken Kennis en Floor","publisher":{"@id":"https:\/\/www.pacton.nl\/de\/#organization"},"potentialAction":[{"@type":"SearchAction","target":{"@type":"EntryPoint","urlTemplate":"https:\/\/www.pacton.nl\/de\/?s={search_term_string}"},"query-input":{"@type":"PropertyValueSpecification","valueRequired":true,"valueName":"search_term_string"}}],"inLanguage":"de"},{"@type":"Organization","@id":"https:\/\/www.pacton.nl\/de\/#organization","name":"Pacton","url":"https:\/\/www.pacton.nl\/de\/","logo":{"@type":"ImageObject","inLanguage":"de","@id":"https:\/\/www.pacton.nl\/de\/#\/schema\/logo\/image\/","url":"https:\/\/www.pacton.nl\/wp-content\/uploads\/2020\/06\/pacton.png","contentUrl":"https:\/\/www.pacton.nl\/wp-content\/uploads\/2020\/06\/pacton.png","width":152,"height":113,"caption":"Pacton"},"image":{"@id":"https:\/\/www.pacton.nl\/de\/#\/schema\/logo\/image\/"}}]}},"_links":{"self":[{"href":"https:\/\/www.pacton.nl\/de\/wp-json\/wp\/v2\/product\/11734","targetHints":{"allow":["GET"]}}],"collection":[{"href":"https:\/\/www.pacton.nl\/de\/wp-json\/wp\/v2\/product"}],"about":[{"href":"https:\/\/www.pacton.nl\/de\/wp-json\/wp\/v2\/types\/product"}],"wp:featuredmedia":[{"embeddable":true,"href":"https:\/\/www.pacton.nl\/de\/wp-json\/wp\/v2\/media\/14477"}],"wp:attachment":[{"href":"https:\/\/www.pacton.nl\/de\/wp-json\/wp\/v2\/media?parent=11734"}],"curies":[{"name":"wp","href":"https:\/\/api.w.org\/{rel}","templated":true}]}}