{"id":11741,"date":"2020-09-16T12:01:55","date_gmt":"2020-09-16T10:01:55","guid":{"rendered":"https:\/\/pactonstaging.qlic.nl\/?post_type=product&#038;p=11741"},"modified":"2021-02-01T13:34:48","modified_gmt":"2021-02-01T12:34:48","slug":"kranauflieger-d-ausfuehrung","status":"publish","type":"product","link":"https:\/\/www.pacton.nl\/de\/produkte\/kranauflieger\/kranauflieger-d-ausfuehrung\/","title":{"rendered":"KRANAUFLIEGER D-Ausf\u00fchrung"},"content":{"rendered":"\n<p>Kranauflieger m\u00fcssen unter schwierigsten Bedingungen man\u00f6vrieren k\u00f6nnen. Die eigene Lenkung von Pacton&nbsp;\u2013 zwei mechanisch zwangsgelenkte Stangen&nbsp;\u2013 sorgt f\u00fcr eine ideale Lenkgeometrie. Damit erreicht der Auflieger auch die schwierigsten Stellen auf engen Baustellen. Wartung und Reparaturen werden auf ein Minimum beschr\u00e4nkt, dadurch werden die Betriebskosten auf einem niedrigen Niveau gehalten. Von 2 bis 4 Achsen, von 8 bis 13,5 Meter L\u00e4nge, von 11 bis 55 Tm Krankapazit\u00e4t&nbsp;\u2013 die M\u00f6glichkeiten in der Ausf\u00fchrung sind nahezu unbegrenzt.<\/p>\n","protected":false},"featured_media":11670,"parent":0,"menu_order":1,"template":"","class_list":["post-11741","product","type-product","status-publish","has-post-thumbnail","hentry","product_cat-kranauflieger"],"acf":[],"yoast_head":"<!-- This site is optimized with the Yoast SEO plugin v27.3 - https:\/\/yoast.com\/product\/yoast-seo-wordpress\/ -->\n<title>KRANAUFLIEGER D-Ausf\u00fchrung | Pacton Trailers B.V.<\/title>\n<meta name=\"robots\" content=\"index, follow, max-snippet:-1, max-image-preview:large, max-video-preview:-1\" \/>\n<link rel=\"canonical\" href=\"https:\/\/www.pacton.nl\/de\/produkte\/kranauflieger\/kranauflieger-d-ausfuehrung\/\" \/>\n<meta property=\"og:locale\" content=\"de_DE\" \/>\n<meta property=\"og:type\" content=\"article\" \/>\n<meta property=\"og:title\" content=\"KRANAUFLIEGER D-Ausf\u00fchrung | Pacton Trailers B.V.\" \/>\n<meta property=\"og:description\" content=\"Kranauflieger m\u00fcssen unter schwierigsten Bedingungen man\u00f6vrieren k\u00f6nnen. Die eigene Lenkung von Pacton&nbsp;\u2013 zwei mechanisch zwangsgelenkte Stangen&nbsp;\u2013 sorgt f\u00fcr eine ideale Lenkgeometrie. Damit erreicht der Auflieger auch die schwierigsten Stellen auf engen Baustellen. Wartung und Reparaturen werden auf ein Minimum beschr\u00e4nkt, dadurch werden die Betriebskosten auf einem niedrigen Niveau gehalten. Von 2 bis 4 Achsen, von [&hellip;]\" \/>\n<meta property=\"og:url\" content=\"https:\/\/www.pacton.nl\/de\/produkte\/kranauflieger\/kranauflieger-d-ausfuehrung\/\" \/>\n<meta property=\"og:site_name\" content=\"Pacton Trailers B.V.\" \/>\n<meta property=\"article:modified_time\" content=\"2021-02-01T12:34:48+00:00\" \/>\n<meta property=\"og:image\" content=\"https:\/\/www.pacton.nl\/wp-content\/uploads\/2020\/09\/kraanoplegger-D-uitvoering.jpg\" \/>\n\t<meta property=\"og:image:width\" content=\"2560\" \/>\n\t<meta property=\"og:image:height\" content=\"1707\" \/>\n\t<meta property=\"og:image:type\" content=\"image\/jpeg\" \/>\n<meta name=\"twitter:card\" content=\"summary_large_image\" \/>\n<script type=\"application\/ld+json\" class=\"yoast-schema-graph\">{\"@context\":\"https:\\\/\\\/schema.org\",\"@graph\":[{\"@type\":\"WebPage\",\"@id\":\"https:\\\/\\\/www.pacton.nl\\\/de\\\/produkte\\\/kranauflieger\\\/kranauflieger-d-ausfuehrung\\\/\",\"url\":\"https:\\\/\\\/www.pacton.nl\\\/de\\\/produkte\\\/kranauflieger\\\/kranauflieger-d-ausfuehrung\\\/\",\"name\":\"KRANAUFLIEGER D-Ausf\u00fchrung | Pacton Trailers B.V.\",\"isPartOf\":{\"@id\":\"https:\\\/\\\/www.pacton.nl\\\/de\\\/#website\"},\"primaryImageOfPage\":{\"@id\":\"https:\\\/\\\/www.pacton.nl\\\/de\\\/produkte\\\/kranauflieger\\\/kranauflieger-d-ausfuehrung\\\/#primaryimage\"},\"image\":{\"@id\":\"https:\\\/\\\/www.pacton.nl\\\/de\\\/produkte\\\/kranauflieger\\\/kranauflieger-d-ausfuehrung\\\/#primaryimage\"},\"thumbnailUrl\":\"https:\\\/\\\/www.pacton.nl\\\/wp-content\\\/uploads\\\/2020\\\/09\\\/kraanoplegger-D-uitvoering.jpg\",\"datePublished\":\"2020-09-16T10:01:55+00:00\",\"dateModified\":\"2021-02-01T12:34:48+00:00\",\"breadcrumb\":{\"@id\":\"https:\\\/\\\/www.pacton.nl\\\/de\\\/produkte\\\/kranauflieger\\\/kranauflieger-d-ausfuehrung\\\/#breadcrumb\"},\"inLanguage\":\"de\",\"potentialAction\":[{\"@type\":\"ReadAction\",\"target\":[\"https:\\\/\\\/www.pacton.nl\\\/de\\\/produkte\\\/kranauflieger\\\/kranauflieger-d-ausfuehrung\\\/\"]}]},{\"@type\":\"ImageObject\",\"inLanguage\":\"de\",\"@id\":\"https:\\\/\\\/www.pacton.nl\\\/de\\\/produkte\\\/kranauflieger\\\/kranauflieger-d-ausfuehrung\\\/#primaryimage\",\"url\":\"https:\\\/\\\/www.pacton.nl\\\/wp-content\\\/uploads\\\/2020\\\/09\\\/kraanoplegger-D-uitvoering.jpg\",\"contentUrl\":\"https:\\\/\\\/www.pacton.nl\\\/wp-content\\\/uploads\\\/2020\\\/09\\\/kraanoplegger-D-uitvoering.jpg\",\"width\":2560,\"height\":1707},{\"@type\":\"BreadcrumbList\",\"@id\":\"https:\\\/\\\/www.pacton.nl\\\/de\\\/produkte\\\/kranauflieger\\\/kranauflieger-d-ausfuehrung\\\/#breadcrumb\",\"itemListElement\":[{\"@type\":\"ListItem\",\"position\":1,\"name\":\"\",\"item\":\"https:\\\/\\\/www.pacton.nl\\\/de\\\/\"},{\"@type\":\"ListItem\",\"position\":2,\"name\":\"KRANAUFLIEGER D-Ausf\u00fchrung\"}]},{\"@type\":\"WebSite\",\"@id\":\"https:\\\/\\\/www.pacton.nl\\\/de\\\/#website\",\"url\":\"https:\\\/\\\/www.pacton.nl\\\/de\\\/\",\"name\":\"Pacton Trailers B.V.\",\"description\":\"Pacton is een nederlandse trailerbouwer en omvat ook de merken Kennis en Floor\",\"publisher\":{\"@id\":\"https:\\\/\\\/www.pacton.nl\\\/de\\\/#organization\"},\"potentialAction\":[{\"@type\":\"SearchAction\",\"target\":{\"@type\":\"EntryPoint\",\"urlTemplate\":\"https:\\\/\\\/www.pacton.nl\\\/de\\\/?s={search_term_string}\"},\"query-input\":{\"@type\":\"PropertyValueSpecification\",\"valueRequired\":true,\"valueName\":\"search_term_string\"}}],\"inLanguage\":\"de\"},{\"@type\":\"Organization\",\"@id\":\"https:\\\/\\\/www.pacton.nl\\\/de\\\/#organization\",\"name\":\"Pacton\",\"url\":\"https:\\\/\\\/www.pacton.nl\\\/de\\\/\",\"logo\":{\"@type\":\"ImageObject\",\"inLanguage\":\"de\",\"@id\":\"https:\\\/\\\/www.pacton.nl\\\/de\\\/#\\\/schema\\\/logo\\\/image\\\/\",\"url\":\"https:\\\/\\\/www.pacton.nl\\\/wp-content\\\/uploads\\\/2020\\\/06\\\/pacton.png\",\"contentUrl\":\"https:\\\/\\\/www.pacton.nl\\\/wp-content\\\/uploads\\\/2020\\\/06\\\/pacton.png\",\"width\":152,\"height\":113,\"caption\":\"Pacton\"},\"image\":{\"@id\":\"https:\\\/\\\/www.pacton.nl\\\/de\\\/#\\\/schema\\\/logo\\\/image\\\/\"}}]}<\/script>\n<!-- \/ Yoast SEO plugin. -->","yoast_head_json":{"title":"KRANAUFLIEGER D-Ausf\u00fchrung | Pacton Trailers B.V.","robots":{"index":"index","follow":"follow","max-snippet":"max-snippet:-1","max-image-preview":"max-image-preview:large","max-video-preview":"max-video-preview:-1"},"canonical":"https:\/\/www.pacton.nl\/de\/produkte\/kranauflieger\/kranauflieger-d-ausfuehrung\/","og_locale":"de_DE","og_type":"article","og_title":"KRANAUFLIEGER D-Ausf\u00fchrung | Pacton Trailers B.V.","og_description":"Kranauflieger m\u00fcssen unter schwierigsten Bedingungen man\u00f6vrieren k\u00f6nnen. Die eigene Lenkung von Pacton&nbsp;\u2013 zwei mechanisch zwangsgelenkte Stangen&nbsp;\u2013 sorgt f\u00fcr eine ideale Lenkgeometrie. Damit erreicht der Auflieger auch die schwierigsten Stellen auf engen Baustellen. Wartung und Reparaturen werden auf ein Minimum beschr\u00e4nkt, dadurch werden die Betriebskosten auf einem niedrigen Niveau gehalten. Von 2 bis 4 Achsen, von [&hellip;]","og_url":"https:\/\/www.pacton.nl\/de\/produkte\/kranauflieger\/kranauflieger-d-ausfuehrung\/","og_site_name":"Pacton Trailers B.V.","article_modified_time":"2021-02-01T12:34:48+00:00","og_image":[{"width":2560,"height":1707,"url":"https:\/\/www.pacton.nl\/wp-content\/uploads\/2020\/09\/kraanoplegger-D-uitvoering.jpg","type":"image\/jpeg"}],"twitter_card":"summary_large_image","schema":{"@context":"https:\/\/schema.org","@graph":[{"@type":"WebPage","@id":"https:\/\/www.pacton.nl\/de\/produkte\/kranauflieger\/kranauflieger-d-ausfuehrung\/","url":"https:\/\/www.pacton.nl\/de\/produkte\/kranauflieger\/kranauflieger-d-ausfuehrung\/","name":"KRANAUFLIEGER D-Ausf\u00fchrung | Pacton Trailers B.V.","isPartOf":{"@id":"https:\/\/www.pacton.nl\/de\/#website"},"primaryImageOfPage":{"@id":"https:\/\/www.pacton.nl\/de\/produkte\/kranauflieger\/kranauflieger-d-ausfuehrung\/#primaryimage"},"image":{"@id":"https:\/\/www.pacton.nl\/de\/produkte\/kranauflieger\/kranauflieger-d-ausfuehrung\/#primaryimage"},"thumbnailUrl":"https:\/\/www.pacton.nl\/wp-content\/uploads\/2020\/09\/kraanoplegger-D-uitvoering.jpg","datePublished":"2020-09-16T10:01:55+00:00","dateModified":"2021-02-01T12:34:48+00:00","breadcrumb":{"@id":"https:\/\/www.pacton.nl\/de\/produkte\/kranauflieger\/kranauflieger-d-ausfuehrung\/#breadcrumb"},"inLanguage":"de","potentialAction":[{"@type":"ReadAction","target":["https:\/\/www.pacton.nl\/de\/produkte\/kranauflieger\/kranauflieger-d-ausfuehrung\/"]}]},{"@type":"ImageObject","inLanguage":"de","@id":"https:\/\/www.pacton.nl\/de\/produkte\/kranauflieger\/kranauflieger-d-ausfuehrung\/#primaryimage","url":"https:\/\/www.pacton.nl\/wp-content\/uploads\/2020\/09\/kraanoplegger-D-uitvoering.jpg","contentUrl":"https:\/\/www.pacton.nl\/wp-content\/uploads\/2020\/09\/kraanoplegger-D-uitvoering.jpg","width":2560,"height":1707},{"@type":"BreadcrumbList","@id":"https:\/\/www.pacton.nl\/de\/produkte\/kranauflieger\/kranauflieger-d-ausfuehrung\/#breadcrumb","itemListElement":[{"@type":"ListItem","position":1,"name":"","item":"https:\/\/www.pacton.nl\/de\/"},{"@type":"ListItem","position":2,"name":"KRANAUFLIEGER D-Ausf\u00fchrung"}]},{"@type":"WebSite","@id":"https:\/\/www.pacton.nl\/de\/#website","url":"https:\/\/www.pacton.nl\/de\/","name":"Pacton Trailers B.V.","description":"Pacton is een nederlandse trailerbouwer en omvat ook de merken Kennis en Floor","publisher":{"@id":"https:\/\/www.pacton.nl\/de\/#organization"},"potentialAction":[{"@type":"SearchAction","target":{"@type":"EntryPoint","urlTemplate":"https:\/\/www.pacton.nl\/de\/?s={search_term_string}"},"query-input":{"@type":"PropertyValueSpecification","valueRequired":true,"valueName":"search_term_string"}}],"inLanguage":"de"},{"@type":"Organization","@id":"https:\/\/www.pacton.nl\/de\/#organization","name":"Pacton","url":"https:\/\/www.pacton.nl\/de\/","logo":{"@type":"ImageObject","inLanguage":"de","@id":"https:\/\/www.pacton.nl\/de\/#\/schema\/logo\/image\/","url":"https:\/\/www.pacton.nl\/wp-content\/uploads\/2020\/06\/pacton.png","contentUrl":"https:\/\/www.pacton.nl\/wp-content\/uploads\/2020\/06\/pacton.png","width":152,"height":113,"caption":"Pacton"},"image":{"@id":"https:\/\/www.pacton.nl\/de\/#\/schema\/logo\/image\/"}}]}},"_links":{"self":[{"href":"https:\/\/www.pacton.nl\/de\/wp-json\/wp\/v2\/product\/11741","targetHints":{"allow":["GET"]}}],"collection":[{"href":"https:\/\/www.pacton.nl\/de\/wp-json\/wp\/v2\/product"}],"about":[{"href":"https:\/\/www.pacton.nl\/de\/wp-json\/wp\/v2\/types\/product"}],"wp:featuredmedia":[{"embeddable":true,"href":"https:\/\/www.pacton.nl\/de\/wp-json\/wp\/v2\/media\/11670"}],"wp:attachment":[{"href":"https:\/\/www.pacton.nl\/de\/wp-json\/wp\/v2\/media?parent=11741"}],"curies":[{"name":"wp","href":"https:\/\/api.w.org\/{rel}","templated":true}]}}