{"id":11743,"date":"2020-09-16T12:03:48","date_gmt":"2020-09-16T10:03:48","guid":{"rendered":"https:\/\/pactonstaging.qlic.nl\/?post_type=product&#038;p=11743"},"modified":"2021-02-01T13:33:26","modified_gmt":"2021-02-01T12:33:26","slug":"kranauflieger-ausschiebbar","status":"publish","type":"product","link":"https:\/\/www.pacton.nl\/de\/produkte\/kranauflieger\/kranauflieger-ausschiebbar\/","title":{"rendered":"KRANAUFLIEGER AUSSCHIEBBAR"},"content":{"rendered":"\n<p>Der einfach ausschiebbare Kranauflieger von Pacton ist der ideale Auflieger um lange Ladung bis 25 m zu transportieren. Durch die hydraulische Lenkung man\u00f6vriert der Auflieger einfach um Kurven. T\u00e4glich wird dieser Typ Auflieger erfolgreich eingesetzt f\u00fcr die verschiedensten Ladungen. Dieser Kranauflieger ist mit einer Krankapazit\u00e4t bis zu 55 Tm erh\u00e4ltlich.<\/p>\n","protected":false},"featured_media":11678,"parent":0,"menu_order":10,"template":"","class_list":["post-11743","product","type-product","status-publish","has-post-thumbnail","hentry","product_cat-kranauflieger"],"acf":[],"yoast_head":"<!-- This site is optimized with the Yoast SEO plugin v27.3 - https:\/\/yoast.com\/product\/yoast-seo-wordpress\/ -->\n<title>KRANAUFLIEGER AUSSCHIEBBAR | Pacton Trailers B.V.<\/title>\n<meta name=\"robots\" content=\"index, follow, max-snippet:-1, max-image-preview:large, max-video-preview:-1\" \/>\n<link rel=\"canonical\" href=\"https:\/\/www.pacton.nl\/de\/produkte\/kranauflieger\/kranauflieger-ausschiebbar\/\" \/>\n<meta property=\"og:locale\" content=\"de_DE\" \/>\n<meta property=\"og:type\" content=\"article\" \/>\n<meta property=\"og:title\" content=\"KRANAUFLIEGER AUSSCHIEBBAR | Pacton Trailers B.V.\" \/>\n<meta property=\"og:description\" content=\"Der einfach ausschiebbare Kranauflieger von Pacton ist der ideale Auflieger um lange Ladung bis 25 m zu transportieren. Durch die hydraulische Lenkung man\u00f6vriert der Auflieger einfach um Kurven. T\u00e4glich wird dieser Typ Auflieger erfolgreich eingesetzt f\u00fcr die verschiedensten Ladungen. Dieser Kranauflieger ist mit einer Krankapazit\u00e4t bis zu 55 Tm erh\u00e4ltlich.\" \/>\n<meta property=\"og:url\" content=\"https:\/\/www.pacton.nl\/de\/produkte\/kranauflieger\/kranauflieger-ausschiebbar\/\" \/>\n<meta property=\"og:site_name\" content=\"Pacton Trailers B.V.\" \/>\n<meta property=\"article:modified_time\" content=\"2021-02-01T12:33:26+00:00\" \/>\n<meta property=\"og:image\" content=\"https:\/\/www.pacton.nl\/wp-content\/uploads\/2020\/09\/kraanoplegger-uitschuifbaar.jpg\" \/>\n\t<meta property=\"og:image:width\" content=\"2560\" \/>\n\t<meta property=\"og:image:height\" content=\"1440\" \/>\n\t<meta property=\"og:image:type\" content=\"image\/jpeg\" \/>\n<meta name=\"twitter:card\" content=\"summary_large_image\" \/>\n<script type=\"application\/ld+json\" class=\"yoast-schema-graph\">{\"@context\":\"https:\\\/\\\/schema.org\",\"@graph\":[{\"@type\":\"WebPage\",\"@id\":\"https:\\\/\\\/www.pacton.nl\\\/de\\\/produkte\\\/kranauflieger\\\/kranauflieger-ausschiebbar\\\/\",\"url\":\"https:\\\/\\\/www.pacton.nl\\\/de\\\/produkte\\\/kranauflieger\\\/kranauflieger-ausschiebbar\\\/\",\"name\":\"KRANAUFLIEGER AUSSCHIEBBAR | Pacton Trailers B.V.\",\"isPartOf\":{\"@id\":\"https:\\\/\\\/www.pacton.nl\\\/de\\\/#website\"},\"primaryImageOfPage\":{\"@id\":\"https:\\\/\\\/www.pacton.nl\\\/de\\\/produkte\\\/kranauflieger\\\/kranauflieger-ausschiebbar\\\/#primaryimage\"},\"image\":{\"@id\":\"https:\\\/\\\/www.pacton.nl\\\/de\\\/produkte\\\/kranauflieger\\\/kranauflieger-ausschiebbar\\\/#primaryimage\"},\"thumbnailUrl\":\"https:\\\/\\\/www.pacton.nl\\\/wp-content\\\/uploads\\\/2020\\\/09\\\/kraanoplegger-uitschuifbaar.jpg\",\"datePublished\":\"2020-09-16T10:03:48+00:00\",\"dateModified\":\"2021-02-01T12:33:26+00:00\",\"breadcrumb\":{\"@id\":\"https:\\\/\\\/www.pacton.nl\\\/de\\\/produkte\\\/kranauflieger\\\/kranauflieger-ausschiebbar\\\/#breadcrumb\"},\"inLanguage\":\"de\",\"potentialAction\":[{\"@type\":\"ReadAction\",\"target\":[\"https:\\\/\\\/www.pacton.nl\\\/de\\\/produkte\\\/kranauflieger\\\/kranauflieger-ausschiebbar\\\/\"]}]},{\"@type\":\"ImageObject\",\"inLanguage\":\"de\",\"@id\":\"https:\\\/\\\/www.pacton.nl\\\/de\\\/produkte\\\/kranauflieger\\\/kranauflieger-ausschiebbar\\\/#primaryimage\",\"url\":\"https:\\\/\\\/www.pacton.nl\\\/wp-content\\\/uploads\\\/2020\\\/09\\\/kraanoplegger-uitschuifbaar.jpg\",\"contentUrl\":\"https:\\\/\\\/www.pacton.nl\\\/wp-content\\\/uploads\\\/2020\\\/09\\\/kraanoplegger-uitschuifbaar.jpg\",\"width\":2560,\"height\":1440},{\"@type\":\"BreadcrumbList\",\"@id\":\"https:\\\/\\\/www.pacton.nl\\\/de\\\/produkte\\\/kranauflieger\\\/kranauflieger-ausschiebbar\\\/#breadcrumb\",\"itemListElement\":[{\"@type\":\"ListItem\",\"position\":1,\"name\":\"\",\"item\":\"https:\\\/\\\/www.pacton.nl\\\/de\\\/\"},{\"@type\":\"ListItem\",\"position\":2,\"name\":\"KRANAUFLIEGER AUSSCHIEBBAR\"}]},{\"@type\":\"WebSite\",\"@id\":\"https:\\\/\\\/www.pacton.nl\\\/de\\\/#website\",\"url\":\"https:\\\/\\\/www.pacton.nl\\\/de\\\/\",\"name\":\"Pacton Trailers B.V.\",\"description\":\"Pacton is een nederlandse trailerbouwer en omvat ook de merken Kennis en Floor\",\"publisher\":{\"@id\":\"https:\\\/\\\/www.pacton.nl\\\/de\\\/#organization\"},\"potentialAction\":[{\"@type\":\"SearchAction\",\"target\":{\"@type\":\"EntryPoint\",\"urlTemplate\":\"https:\\\/\\\/www.pacton.nl\\\/de\\\/?s={search_term_string}\"},\"query-input\":{\"@type\":\"PropertyValueSpecification\",\"valueRequired\":true,\"valueName\":\"search_term_string\"}}],\"inLanguage\":\"de\"},{\"@type\":\"Organization\",\"@id\":\"https:\\\/\\\/www.pacton.nl\\\/de\\\/#organization\",\"name\":\"Pacton\",\"url\":\"https:\\\/\\\/www.pacton.nl\\\/de\\\/\",\"logo\":{\"@type\":\"ImageObject\",\"inLanguage\":\"de\",\"@id\":\"https:\\\/\\\/www.pacton.nl\\\/de\\\/#\\\/schema\\\/logo\\\/image\\\/\",\"url\":\"https:\\\/\\\/www.pacton.nl\\\/wp-content\\\/uploads\\\/2020\\\/06\\\/pacton.png\",\"contentUrl\":\"https:\\\/\\\/www.pacton.nl\\\/wp-content\\\/uploads\\\/2020\\\/06\\\/pacton.png\",\"width\":152,\"height\":113,\"caption\":\"Pacton\"},\"image\":{\"@id\":\"https:\\\/\\\/www.pacton.nl\\\/de\\\/#\\\/schema\\\/logo\\\/image\\\/\"}}]}<\/script>\n<!-- \/ Yoast SEO plugin. -->","yoast_head_json":{"title":"KRANAUFLIEGER AUSSCHIEBBAR | Pacton Trailers B.V.","robots":{"index":"index","follow":"follow","max-snippet":"max-snippet:-1","max-image-preview":"max-image-preview:large","max-video-preview":"max-video-preview:-1"},"canonical":"https:\/\/www.pacton.nl\/de\/produkte\/kranauflieger\/kranauflieger-ausschiebbar\/","og_locale":"de_DE","og_type":"article","og_title":"KRANAUFLIEGER AUSSCHIEBBAR | Pacton Trailers B.V.","og_description":"Der einfach ausschiebbare Kranauflieger von Pacton ist der ideale Auflieger um lange Ladung bis 25 m zu transportieren. Durch die hydraulische Lenkung man\u00f6vriert der Auflieger einfach um Kurven. T\u00e4glich wird dieser Typ Auflieger erfolgreich eingesetzt f\u00fcr die verschiedensten Ladungen. Dieser Kranauflieger ist mit einer Krankapazit\u00e4t bis zu 55 Tm erh\u00e4ltlich.","og_url":"https:\/\/www.pacton.nl\/de\/produkte\/kranauflieger\/kranauflieger-ausschiebbar\/","og_site_name":"Pacton Trailers B.V.","article_modified_time":"2021-02-01T12:33:26+00:00","og_image":[{"width":2560,"height":1440,"url":"https:\/\/www.pacton.nl\/wp-content\/uploads\/2020\/09\/kraanoplegger-uitschuifbaar.jpg","type":"image\/jpeg"}],"twitter_card":"summary_large_image","schema":{"@context":"https:\/\/schema.org","@graph":[{"@type":"WebPage","@id":"https:\/\/www.pacton.nl\/de\/produkte\/kranauflieger\/kranauflieger-ausschiebbar\/","url":"https:\/\/www.pacton.nl\/de\/produkte\/kranauflieger\/kranauflieger-ausschiebbar\/","name":"KRANAUFLIEGER AUSSCHIEBBAR | Pacton Trailers B.V.","isPartOf":{"@id":"https:\/\/www.pacton.nl\/de\/#website"},"primaryImageOfPage":{"@id":"https:\/\/www.pacton.nl\/de\/produkte\/kranauflieger\/kranauflieger-ausschiebbar\/#primaryimage"},"image":{"@id":"https:\/\/www.pacton.nl\/de\/produkte\/kranauflieger\/kranauflieger-ausschiebbar\/#primaryimage"},"thumbnailUrl":"https:\/\/www.pacton.nl\/wp-content\/uploads\/2020\/09\/kraanoplegger-uitschuifbaar.jpg","datePublished":"2020-09-16T10:03:48+00:00","dateModified":"2021-02-01T12:33:26+00:00","breadcrumb":{"@id":"https:\/\/www.pacton.nl\/de\/produkte\/kranauflieger\/kranauflieger-ausschiebbar\/#breadcrumb"},"inLanguage":"de","potentialAction":[{"@type":"ReadAction","target":["https:\/\/www.pacton.nl\/de\/produkte\/kranauflieger\/kranauflieger-ausschiebbar\/"]}]},{"@type":"ImageObject","inLanguage":"de","@id":"https:\/\/www.pacton.nl\/de\/produkte\/kranauflieger\/kranauflieger-ausschiebbar\/#primaryimage","url":"https:\/\/www.pacton.nl\/wp-content\/uploads\/2020\/09\/kraanoplegger-uitschuifbaar.jpg","contentUrl":"https:\/\/www.pacton.nl\/wp-content\/uploads\/2020\/09\/kraanoplegger-uitschuifbaar.jpg","width":2560,"height":1440},{"@type":"BreadcrumbList","@id":"https:\/\/www.pacton.nl\/de\/produkte\/kranauflieger\/kranauflieger-ausschiebbar\/#breadcrumb","itemListElement":[{"@type":"ListItem","position":1,"name":"","item":"https:\/\/www.pacton.nl\/de\/"},{"@type":"ListItem","position":2,"name":"KRANAUFLIEGER AUSSCHIEBBAR"}]},{"@type":"WebSite","@id":"https:\/\/www.pacton.nl\/de\/#website","url":"https:\/\/www.pacton.nl\/de\/","name":"Pacton Trailers B.V.","description":"Pacton is een nederlandse trailerbouwer en omvat ook de merken Kennis en Floor","publisher":{"@id":"https:\/\/www.pacton.nl\/de\/#organization"},"potentialAction":[{"@type":"SearchAction","target":{"@type":"EntryPoint","urlTemplate":"https:\/\/www.pacton.nl\/de\/?s={search_term_string}"},"query-input":{"@type":"PropertyValueSpecification","valueRequired":true,"valueName":"search_term_string"}}],"inLanguage":"de"},{"@type":"Organization","@id":"https:\/\/www.pacton.nl\/de\/#organization","name":"Pacton","url":"https:\/\/www.pacton.nl\/de\/","logo":{"@type":"ImageObject","inLanguage":"de","@id":"https:\/\/www.pacton.nl\/de\/#\/schema\/logo\/image\/","url":"https:\/\/www.pacton.nl\/wp-content\/uploads\/2020\/06\/pacton.png","contentUrl":"https:\/\/www.pacton.nl\/wp-content\/uploads\/2020\/06\/pacton.png","width":152,"height":113,"caption":"Pacton"},"image":{"@id":"https:\/\/www.pacton.nl\/de\/#\/schema\/logo\/image\/"}}]}},"_links":{"self":[{"href":"https:\/\/www.pacton.nl\/de\/wp-json\/wp\/v2\/product\/11743","targetHints":{"allow":["GET"]}}],"collection":[{"href":"https:\/\/www.pacton.nl\/de\/wp-json\/wp\/v2\/product"}],"about":[{"href":"https:\/\/www.pacton.nl\/de\/wp-json\/wp\/v2\/types\/product"}],"wp:featuredmedia":[{"embeddable":true,"href":"https:\/\/www.pacton.nl\/de\/wp-json\/wp\/v2\/media\/11678"}],"wp:attachment":[{"href":"https:\/\/www.pacton.nl\/de\/wp-json\/wp\/v2\/media?parent=11743"}],"curies":[{"name":"wp","href":"https:\/\/api.w.org\/{rel}","templated":true}]}}